{"id":3236,"date":"2023-02-23T08:56:44","date_gmt":"2023-02-23T13:56:44","guid":{"rendered":"https:\/\/sutuvetcolombia.com\/lanr\/?page_id=3236"},"modified":"2023-02-23T08:56:44","modified_gmt":"2023-02-23T13:56:44","slug":"request-quote","status":"publish","type":"page","link":"https:\/\/lanrdistribuciones.com\/?page_id=3236","title":{"rendered":"Solicitar un presupuesto"},"content":{"rendered":"\n<div class=\"woocommerce ywraq-wrapper ywraq-empty ywraq-with-form\">\n\t\t\t<div id=\"yith-ywraq-message\"><div class=\"ywraq-question-message\">\n\t<\/div>\n<\/div>\n\t\t\n\t\t\t\t<div class=\"ywraq-form-table-wrapper vertical\">\n\t\t\t<div class=\"ywraq-before-form\">\n\t<p class=\"ywraq_list_empty_message\">Tu lista est\u00e1 vac\u00eda, a\u00f1ade productos a la lista para enviar una solicitud<p><p class=\"return-to-shop\"><a class=\"button wc-backward\" href=\"https:\/\/lanrdistribuciones.com\/?page_id=9\">Volver a la tienda<\/a><\/p><\/div>\n\t\t\t\t\t\t\t\t\t\t\t\t<div class=\"yith-ywraq-mail-form-wrapper\">\n\t<h3>Enviar la solicitud<\/h3>\n\t<form id=\"yith-ywraq-default-form\" name=\"yith-ywraq-default-form\"\n\t\taction=\"https:\/\/lanrdistribuciones.com\/?page_id=3236\" method=\"post\"\n\t\tenctype=\"multipart\/form-data\">\n\t\t<input type=\"hidden\" id=\"yith-ywraq-default-form-sent\" name=\"yith-ywraq-default-form-sent\" value=\"1\">\n\n\t\t\t\t<p class=\"form-row validate-required\" id=\"first_name_field\" data-priority=\"\"><label for=\"first_name\" class=\"\">Nombre&nbsp;<abbr class=\"required\" title=\"obligatorio\">*<\/abbr><\/label><span class=\"woocommerce-input-wrapper\"><input type=\"text\" class=\"input-text \" name=\"first_name\" id=\"first_name\" placeholder=\"\"  value=\"\"  \/><\/span><\/p><p class=\"form-row validate-required\" id=\"last_name_field\" data-priority=\"\"><label for=\"last_name\" class=\"\">Apellidos&nbsp;<abbr class=\"required\" title=\"obligatorio\">*<\/abbr><\/label><span class=\"woocommerce-input-wrapper\"><input type=\"text\" class=\"input-text \" name=\"last_name\" id=\"last_name\" placeholder=\"\"  value=\"\"  \/><\/span><\/p><p class=\"form-row validate-required validate-email\" id=\"email_field\" data-priority=\"\"><label for=\"email\" class=\"\">Correo electr\u00f3nico&nbsp;<abbr class=\"required\" title=\"obligatorio\">*<\/abbr><\/label><span class=\"woocommerce-input-wrapper\"><input type=\"email\" class=\"input-text \" name=\"email\" id=\"email\" placeholder=\"\"  value=\"\"  \/><\/span><\/p><p class=\"form-row \" id=\"message_field\" data-priority=\"\"><label for=\"message\" class=\"\">Mensaje&nbsp;<span class=\"optional\">(opcional)<\/span><\/label><span class=\"woocommerce-input-wrapper\"><textarea name=\"message\" class=\"input-text \" id=\"message\" placeholder=\"\"  rows=\"2\" cols=\"5\"><\/textarea><\/span><\/p><p class=\"form-row form-row-wide validate-required\" id=\"numero_field\" data-priority=\"\"><label for=\"numero\" class=\"\">N\u00famero telef\u00f3nico&nbsp;<abbr class=\"required\" title=\"obligatorio\">*<\/abbr><\/label><span class=\"woocommerce-input-wrapper\"><input type=\"text\" class=\"input-text \" name=\"numero\" id=\"numero\" placeholder=\"\"  value=\"\"  \/><\/span><\/p><p class=\"form-row form-row-wide validate-required\" id=\"cedula_field\" data-priority=\"\"><label for=\"cedula\" class=\"\">NIT o C\u00e9dula&nbsp;<abbr class=\"required\" title=\"obligatorio\">*<\/abbr><\/label><span class=\"woocommerce-input-wrapper\"><input type=\"text\" class=\"input-text \" name=\"cedula\" id=\"cedula\" placeholder=\"\"  value=\"\"  \/><\/span><\/p>\n\t\t\n\t\t\n\t\t\n\t\t<p class=\"form-row form-row-wide raq-send-request-row\">\n\t\t\t<input type=\"hidden\" id=\"ywraq-mail-wpnonce\" name=\"ywraq_mail_wpnonce\"\n\t\t\t\tvalue=\"decc0e6d3a\">\n\t\t\t<input class=\"button raq-send-request last\" type=\"submit\"\n\t\t\t\tvalue=\"Enviar tu solicitud\">\n\t\t<\/p>\n\n\t\t\n\t\t\t<\/form>\n<\/div>\n\t\t\t\t\t\t\t\t\t<\/div>\n\t<\/div>\n\n","protected":false},"excerpt":{"rendered":"","protected":false},"author":1,"featured_media":0,"parent":0,"menu_order":0,"comment_status":"closed","ping_status":"closed","template":"","meta":{"om_disable_all_campaigns":false,"_monsterinsights_skip_tracking":false,"_monsterinsights_sitenote_active":false,"_monsterinsights_sitenote_note":"","_monsterinsights_sitenote_category":0,"site-sidebar-layout":"default","site-content-layout":"default","ast-global-header-display":"","ast-main-header-display":"","ast-hfb-above-header-display":"","ast-hfb-below-header-display":"","ast-hfb-mobile-header-display":"","site-post-title":"","ast-breadcrumbs-content":"","ast-featured-img":"","footer-sml-layout":"","theme-transparent-header-meta":"","adv-header-id-meta":"","stick-header-meta":"","header-above-stick-meta":"","header-main-stick-meta":"","header-below-stick-meta":"","_joinchat":[]},"aioseo_notices":[],"_links":{"self":[{"href":"https:\/\/lanrdistribuciones.com\/index.php?rest_route=\/wp\/v2\/pages\/3236"}],"collection":[{"href":"https:\/\/lanrdistribuciones.com\/index.php?rest_route=\/wp\/v2\/pages"}],"about":[{"href":"https:\/\/lanrdistribuciones.com\/index.php?rest_route=\/wp\/v2\/types\/page"}],"author":[{"embeddable":true,"href":"https:\/\/lanrdistribuciones.com\/index.php?rest_route=\/wp\/v2\/users\/1"}],"replies":[{"embeddable":true,"href":"https:\/\/lanrdistribuciones.com\/index.php?rest_route=%2Fwp%2Fv2%2Fcomments&post=3236"}],"version-history":[{"count":0,"href":"https:\/\/lanrdistribuciones.com\/index.php?rest_route=\/wp\/v2\/pages\/3236\/revisions"}],"wp:attachment":[{"href":"https:\/\/lanrdistribuciones.com\/index.php?rest_route=%2Fwp%2Fv2%2Fmedia&parent=3236"}],"curies":[{"name":"wp","href":"https:\/\/api.w.org\/{rel}","templated":true}]}}